{"id":209,"date":"2016-05-19T07:18:17","date_gmt":"2016-05-19T07:18:17","guid":{"rendered":"http:\/\/dulajana.eu\/blog\/?page_id=209"},"modified":"2018-08-03T10:41:50","modified_gmt":"2018-08-03T10:41:50","slug":"reflexni-terapie","status":"publish","type":"page","link":"https:\/\/dulajana.eu\/blog\/?page_id=209","title":{"rendered":"Reflexn\u00ed terapie"},"content":{"rendered":"<p>vych\u00e1z\u00ed z toho, \u017ee na v\u0161ech zakon\u010den\u00edch t\u011bla jsou z\u00e1rove\u0148 nervov\u00e1 zakon\u010den\u00ed. Znamen\u00e1 to tedy, \u017ee na chodidlech jsou reflexn\u00ed plo\u0161ky v\u0161ech org\u00e1n\u016f lidsk\u00e9ho t\u011bla.<br \/>\nTy reaguj\u00ed zv\u00fd\u0161enou citlivost\u00ed na sebemen\u0161\u00ed poruchu funkce n\u011bkter\u00e9ho\u00a0org\u00e1nu, tak\u017ee m\u016f\u017eeme v\u011bd\u011bt o dysfunkci org\u00e1nu d\u0159\u00edve, ne\u017e se projev\u00ed fyzicky.<\/p>\n<p>C\u00edlem reflexn\u00ed terapie je obnoven\u00ed toku \u017eivotn\u00ed energie v t\u011ble.<\/p>\n<p>Reflexn\u00ed terapie pom\u00e1h\u00e1 p\u0159i l\u00e9\u010db\u011b chronick\u00fdch i akutn\u00edch onemocn\u011bn\u00ed u\u017e u\u00a0miminek, p\u0159es t\u011bhotn\u00e9 a\u017e po seniory.<\/p>\n<p>Nejprve se otev\u0159ou ot\u00e1zky\u00a0\u017eivotospr\u00e1vy, \u017eivotn\u00edho stylu a psychick\u00e9 pohody, potom se diagnostikuj\u00ed energeticky oslaben\u00e9 org\u00e1ny a \u00a0p\u0159\u00ed\u010diny pot\u00ed\u017e\u00ed. Pak n\u00e1sleduje\u00a0nep\u0159\u00edm\u00e9 a p\u0159\u00edm\u00e9 uvoln\u011bn\u00ed kr\u010dn\u00ed p\u00e1te\u0159e a n\u00e1sledn\u011b reflexn\u00ed uvoln\u011bn\u00ed cel\u00fdch zad. P\u0159i tom doch\u00e1z\u00ed k podpo\u0159e a obnoven\u00ed toku energie, lymfy i krve, \u010d\u00edm\u017e se urychluje a umoc\u0148uje regenerace organismu.<\/p>\n<p><a href=\"http:\/\/dulajana.eu\/blog\/wp-content\/uploads\/2016\/05\/feet.png\"><img loading=\"lazy\" decoding=\"async\" class=\" size-medium wp-image-345 aligncenter\" src=\"http:\/\/dulajana.eu\/blog\/wp-content\/uploads\/2016\/05\/feet-300x150.png\" alt=\"feet\" width=\"300\" height=\"150\" srcset=\"https:\/\/dulajana.eu\/blog\/wp-content\/uploads\/2016\/05\/feet-300x150.png 300w, https:\/\/dulajana.eu\/blog\/wp-content\/uploads\/2016\/05\/feet.png 400w\" sizes=\"(max-width: 300px) 100vw, 300px\" \/><\/a><\/p>\n","protected":false},"excerpt":{"rendered":"<p>vych\u00e1z\u00ed z toho, \u017ee na v\u0161ech zakon\u010den\u00edch t\u011bla jsou z\u00e1rove\u0148 nervov\u00e1 zakon\u010den\u00ed. Znamen\u00e1 to tedy, \u017ee na chodidlech jsou reflexn\u00ed plo\u0161ky v\u0161ech org\u00e1n\u016f lidsk\u00e9ho t\u011bla.<br \/>\nTy reaguj\u00ed zv\u00fd\u0161enou citlivost\u00ed na sebemen\u0161\u00ed poruchu funkce n\u011bkter\u00e9ho\u00a0org\u00e1nu,<\/p>\n<p><a class=\"ka-read-more\" href=\"https:\/\/dulajana.eu\/blog\/?page_id=209\"><span class=\"read-more-button\">Read More<i class=\"fa fa-long-arrow-right\"><\/i><\/span><\/a><\/p>\n","protected":false},"author":1,"featured_media":0,"parent":211,"menu_order":1,"comment_status":"closed","ping_status":"open","template":"","meta":{"footnotes":""},"_links":{"self":[{"href":"https:\/\/dulajana.eu\/blog\/index.php?rest_route=\/wp\/v2\/pages\/209"}],"collection":[{"href":"https:\/\/dulajana.eu\/blog\/index.php?rest_route=\/wp\/v2\/pages"}],"about":[{"href":"https:\/\/dulajana.eu\/blog\/index.php?rest_route=\/wp\/v2\/types\/page"}],"author":[{"embeddable":true,"href":"https:\/\/dulajana.eu\/blog\/index.php?rest_route=\/wp\/v2\/users\/1"}],"replies":[{"embeddable":true,"href":"https:\/\/dulajana.eu\/blog\/index.php?rest_route=%2Fwp%2Fv2%2Fcomments&post=209"}],"version-history":[{"count":4,"href":"https:\/\/dulajana.eu\/blog\/index.php?rest_route=\/wp\/v2\/pages\/209\/revisions"}],"predecessor-version":[{"id":346,"href":"https:\/\/dulajana.eu\/blog\/index.php?rest_route=\/wp\/v2\/pages\/209\/revisions\/346"}],"up":[{"embeddable":true,"href":"https:\/\/dulajana.eu\/blog\/index.php?rest_route=\/wp\/v2\/pages\/211"}],"wp:attachment":[{"href":"https:\/\/dulajana.eu\/blog\/index.php?rest_route=%2Fwp%2Fv2%2Fmedia&parent=209"}],"curies":[{"name":"wp","href":"https:\/\/api.w.org\/{rel}","templated":true}]}}