{"id":221,"date":"2016-05-19T07:25:49","date_gmt":"2016-05-19T07:25:49","guid":{"rendered":"http:\/\/dulajana.eu\/blog\/?page_id=221"},"modified":"2024-06-20T02:05:18","modified_gmt":"2024-06-20T02:05:18","slug":"besedy-na-skolach","status":"publish","type":"page","link":"https:\/\/dulajana.eu\/blog\/?page_id=221","title":{"rendered":"Besedy na \u0161kol\u00e1ch"},"content":{"rendered":"<p>Od roku\u00a02008 v r\u00e1mci Sv\u011btov\u00e9ho t\u00fddne respektu k porodu vedu besedy s \u017e\u00e1ky a studenty na t\u00e9ma zodpov\u011bdn\u00fd sex, t\u011bhotenstv\u00ed cht\u011bn\u00e9 versus necht\u011bn\u00e9, zp\u016fsob vn\u00edm\u00e1n\u00ed t\u011bhotenstv\u00ed a n\u00e1sledn\u011b tak\u00e9 porodu, metody porodu v \u010cech\u00e1ch a zahrani\u010d\u00ed ad.<\/p>\n<p style=\"text-align: center;\"><a href=\"http:\/\/dulajana.eu\/blog\/wp-content\/uploads\/2016\/05\/zdrav.jpg\"><img loading=\"lazy\" decoding=\"async\" class=\" size-medium wp-image-385 aligncenter\" src=\"http:\/\/dulajana.eu\/blog\/wp-content\/uploads\/2016\/05\/zdrav-300x225.jpg\" alt=\"zdrav\" width=\"300\" height=\"225\" srcset=\"https:\/\/dulajana.eu\/blog\/wp-content\/uploads\/2016\/05\/zdrav-300x225.jpg 300w, https:\/\/dulajana.eu\/blog\/wp-content\/uploads\/2016\/05\/zdrav.jpg 800w\" sizes=\"(max-width: 300px) 100vw, 300px\" \/><\/a><\/p>\n<p>Je to v\u017edy velmi zaj\u00edmav\u00e9 a p\u0159edev\u0161\u00edm \u017e\u00e1ci dev\u00e1t\u00fdch t\u0159\u00edd m\u011b u\u017e mockr\u00e1t svou otev\u0159enost\u00ed a z\u00e1jmem \u00fapln\u011b okouzlili. Navrch mo\u017en\u00e1 puber\u0165\u00e1ci a negativist\u00e9, pod tou &#8222;hustou&#8220; ochrannou slupkou ale citliv\u00ed a vn\u00edmav\u00ed skorodosp\u011bl\u00e1ci.<br \/>\nNa z\u00e1klad\u011b t\u011bchto besed pak n\u011bkter\u00e9 t\u0159\u00eddy p\u0159i v\u00fdtvarn\u00e9 v\u00fdchov\u011b tvo\u0159ily sv\u00e1 \u00fa\u017easn\u00e1\u00a0d\u00edla. Ta byla pak\u00a0spole\u010dn\u011b se souvisej\u00edc\u00ed literaturou vystavena v chebsk\u00e9 knihovn\u011b a studovn\u011b.<\/p>\n<p><a href=\"http:\/\/dulajana.eu\/blog\/wp-content\/uploads\/2016\/05\/4ZS1_large.jpg\"><img loading=\"lazy\" decoding=\"async\" class=\" size-medium wp-image-381 aligncenter\" src=\"http:\/\/dulajana.eu\/blog\/wp-content\/uploads\/2016\/05\/4ZS1_large-225x300.jpg\" alt=\"4ZS1_large\" width=\"225\" height=\"300\" srcset=\"https:\/\/dulajana.eu\/blog\/wp-content\/uploads\/2016\/05\/4ZS1_large-225x300.jpg 225w, https:\/\/dulajana.eu\/blog\/wp-content\/uploads\/2016\/05\/4ZS1_large.jpg 600w\" sizes=\"(max-width: 225px) 100vw, 225px\" \/><\/a>\u00a0<a href=\"http:\/\/dulajana.eu\/blog\/wp-content\/uploads\/2016\/05\/4ZS4_large.jpg\"><img loading=\"lazy\" decoding=\"async\" class=\" size-medium wp-image-383 aligncenter\" src=\"http:\/\/dulajana.eu\/blog\/wp-content\/uploads\/2016\/05\/4ZS4_large-225x300.jpg\" alt=\"4ZS4_large\" width=\"225\" height=\"300\" srcset=\"https:\/\/dulajana.eu\/blog\/wp-content\/uploads\/2016\/05\/4ZS4_large-225x300.jpg 225w, https:\/\/dulajana.eu\/blog\/wp-content\/uploads\/2016\/05\/4ZS4_large.jpg 600w\" sizes=\"(max-width: 225px) 100vw, 225px\" \/><br \/>\n<\/a><\/p>\n<p><a href=\"http:\/\/dulajana.eu\/blog\/wp-content\/uploads\/2016\/05\/4ZS2_large.jpg\"><img loading=\"lazy\" decoding=\"async\" class=\" size-medium wp-image-382 aligncenter\" src=\"http:\/\/dulajana.eu\/blog\/wp-content\/uploads\/2016\/05\/4ZS2_large-300x225.jpg\" alt=\"4ZS2_large\" width=\"300\" height=\"225\" srcset=\"https:\/\/dulajana.eu\/blog\/wp-content\/uploads\/2016\/05\/4ZS2_large-300x225.jpg 300w, https:\/\/dulajana.eu\/blog\/wp-content\/uploads\/2016\/05\/4ZS2_large.jpg 800w\" sizes=\"(max-width: 300px) 100vw, 300px\" \/><br \/>\n<\/a><a href=\"http:\/\/dulajana.eu\/blog\/wp-content\/uploads\/2016\/05\/4ZS5_large.jpg\"><img loading=\"lazy\" decoding=\"async\" class=\" size-medium wp-image-384 aligncenter\" src=\"http:\/\/dulajana.eu\/blog\/wp-content\/uploads\/2016\/05\/4ZS5_large-225x300.jpg\" alt=\"4ZS5_large\" width=\"225\" height=\"300\" srcset=\"https:\/\/dulajana.eu\/blog\/wp-content\/uploads\/2016\/05\/4ZS5_large-225x300.jpg 225w, https:\/\/dulajana.eu\/blog\/wp-content\/uploads\/2016\/05\/4ZS5_large.jpg 600w\" sizes=\"(max-width: 225px) 100vw, 225px\" \/><\/a><\/p>\n<p><a href=\"http:\/\/dulajana.eu\/blog\/wp-content\/uploads\/2016\/05\/vystavka4_large.jpg\"><br \/>\n<\/a><a href=\"http:\/\/dulajana.eu\/blog\/wp-content\/uploads\/2016\/05\/vystavka7_large.jpg\"><img loading=\"lazy\" decoding=\"async\" class=\" size-medium wp-image-388 aligncenter\" src=\"http:\/\/dulajana.eu\/blog\/wp-content\/uploads\/2016\/05\/vystavka7_large-300x225.jpg\" alt=\"vystavka7_large\" width=\"300\" height=\"225\" srcset=\"https:\/\/dulajana.eu\/blog\/wp-content\/uploads\/2016\/05\/vystavka7_large-300x225.jpg 300w, https:\/\/dulajana.eu\/blog\/wp-content\/uploads\/2016\/05\/vystavka7_large.jpg 800w\" sizes=\"(max-width: 300px) 100vw, 300px\" \/><\/a><\/p>\n<p><a href=\"http:\/\/dulajana.eu\/blog\/wp-content\/uploads\/2016\/05\/prednaska01_large.jpg\"><img loading=\"lazy\" decoding=\"async\" class=\" size-medium wp-image-391 aligncenter\" src=\"http:\/\/dulajana.eu\/blog\/wp-content\/uploads\/2016\/05\/prednaska01_large-300x225.jpg\" alt=\"prednaska01_large\" width=\"300\" height=\"225\" srcset=\"https:\/\/dulajana.eu\/blog\/wp-content\/uploads\/2016\/05\/prednaska01_large-300x225.jpg 300w, https:\/\/dulajana.eu\/blog\/wp-content\/uploads\/2016\/05\/prednaska01_large.jpg 800w\" sizes=\"(max-width: 300px) 100vw, 300px\" \/><\/a><\/p>\n<p style=\"text-align: center;\"><a href=\"http:\/\/dulajana.eu\/blog\/wp-content\/uploads\/2016\/05\/studovna1_large.jpg\"><img loading=\"lazy\" decoding=\"async\" class=\" size-medium wp-image-392 aligncenter\" src=\"http:\/\/dulajana.eu\/blog\/wp-content\/uploads\/2016\/05\/studovna1_large-300x225.jpg\" alt=\"studovna1_large\" width=\"300\" height=\"225\" srcset=\"https:\/\/dulajana.eu\/blog\/wp-content\/uploads\/2016\/05\/studovna1_large-300x225.jpg 300w, https:\/\/dulajana.eu\/blog\/wp-content\/uploads\/2016\/05\/studovna1_large.jpg 800w\" sizes=\"(max-width: 300px) 100vw, 300px\" \/><br \/>\n<\/a><a href=\"http:\/\/dulajana.eu\/blog\/wp-content\/uploads\/2016\/05\/studovna5_large.jpg\"><img loading=\"lazy\" decoding=\"async\" class=\"alignnone size-medium wp-image-393\" src=\"http:\/\/dulajana.eu\/blog\/wp-content\/uploads\/2016\/05\/studovna5_large-300x225.jpg\" alt=\"studovna5_large\" width=\"300\" height=\"225\" srcset=\"https:\/\/dulajana.eu\/blog\/wp-content\/uploads\/2016\/05\/studovna5_large-300x225.jpg 300w, https:\/\/dulajana.eu\/blog\/wp-content\/uploads\/2016\/05\/studovna5_large.jpg 800w\" sizes=\"(max-width: 300px) 100vw, 300px\" \/><\/a><\/p>\n<p>Tak\u00e9 jsem se pustila do pon\u011bkud n\u00e1ro\u010dn\u011bj\u0161\u00ed v\u00fdzvy a za\u010dala jsem s prvn\u00edmi besedami u posledn\u00edch ro\u010dn\u00edk\u016f st\u0159edo\u0161kol\u00e1k\u016f, mlad\u00fdch lid\u00ed okolo 20 let.<\/p>\n<p>P\u0159esto, \u017ee \u0161lo o besedu v odpoledn\u00edch hodin\u00e1ch, v jejich voln\u00e9m \u010dase, se\u0161lo se n\u00e1s asi t\u0159icet. Velmi m\u011b pot\u011b\u0161ilo, \u017ee p\u0159i\u0161lo i n\u011bkolik partnersk\u00fdch p\u00e1r\u016f, to bylo pro besedu velmi p\u0159\u00ednosn\u00e9.<\/p>\n<p>Za\u010dali jsme m\u00fdm vlastn\u00edm filmem, v n\u011bm\u017e jsem se pokusila uk\u00e1zat, jak velk\u00fd v\u00fdznam m\u00e1 dobr\u00fd partnersk\u00fd vztah p\u0159i porodu. Diskutovali jsme o tom, jakou roli v t\u011bchto situac\u00edch hraj\u00ed \u017eeny, jakou jejich partne\u0159i. Studenti sami p\u0159ich\u00e1zeli s post\u0159ehy o prom\u011bn\u00e1ch tradi\u010dn\u00edch rol\u00ed mu\u017ee a \u017eeny v sou\u010dasn\u00e9m sv\u011bt\u011b.<\/p>\n<p>Mluvili jsme ale tak\u00e9 o p\u0159\u00edstupu k sexualit\u011b jako takov\u00e9 a zkou\u0161eli naj\u00edt zp\u016fsoby, kter\u00e9 by mohly zlep\u0161it komunikaci v partnersk\u00e9m \u017eivot\u011b.<\/p>\n<p>Mluvili jsme o d\u016fle\u017eitosti duchovn\u00edho rozm\u011bru partnersk\u00e9ho vztahu a uk\u00e1zali jsme si, \u017ee sex nemus\u00ed b\u00fdt rozhodn\u011b st\u0159edobodem vztahu a u\u017e v\u016fbec vztahu mlad\u00e9ho, kter\u00fd je\u0161t\u011b nechce v\u00e9st k rodi\u010dovstv\u00ed.<\/p>\n<p>Skon\u010dili jsme uk\u00e1zkou z filmu Orgasmick\u00fd porod, v n\u00ed\u017e p\u0159ich\u00e1z\u00ed na\u00a0sv\u011bt d\u00edt\u011b dvou mlad\u00fdch rodi\u010d\u016f v atmosf\u00e9\u0159e l\u00e1sky, p\u0159ijet\u00ed a\u00a0spole\u010dn\u00e9ho \u0161t\u011bst\u00ed.<br \/>\nJsem velmi r\u00e1da, \u017ee studenti p\u0159i\u0161li, maj\u00ed m\u016fj obdiv za otev\u0159enost, se\u00a0kterou p\u0159istupovali k citliv\u00fdm t\u00e9mat\u016fm, a za up\u0159\u00edmnost, kterou se\u00a0n\u00e1m poda\u0159ilo v bezpe\u010dn\u00e9m prost\u0159ed\u00ed vytvo\u0159it.<\/p>\n<p style=\"text-align: center;\"><a href=\"http:\/\/dulajana.eu\/blog\/wp-content\/uploads\/2016\/05\/sem1_03.jpg\"><img loading=\"lazy\" decoding=\"async\" class=\"alignnone size-medium wp-image-396\" src=\"http:\/\/dulajana.eu\/blog\/wp-content\/uploads\/2016\/05\/sem1_03-300x196.jpg\" alt=\"sem1_03\" width=\"300\" height=\"196\" srcset=\"https:\/\/dulajana.eu\/blog\/wp-content\/uploads\/2016\/05\/sem1_03-300x196.jpg 300w, https:\/\/dulajana.eu\/blog\/wp-content\/uploads\/2016\/05\/sem1_03.jpg 800w\" sizes=\"(max-width: 300px) 100vw, 300px\" \/><\/a><\/p>\n<p style=\"text-align: center;\"><a href=\"http:\/\/dulajana.eu\/blog\/wp-content\/uploads\/2016\/05\/sem1_05.jpg\"><img loading=\"lazy\" decoding=\"async\" class=\"alignnone size-medium wp-image-397\" src=\"http:\/\/dulajana.eu\/blog\/wp-content\/uploads\/2016\/05\/sem1_05-300x225.jpg\" alt=\"sem1_05\" width=\"300\" height=\"225\" srcset=\"https:\/\/dulajana.eu\/blog\/wp-content\/uploads\/2016\/05\/sem1_05-300x225.jpg 300w, https:\/\/dulajana.eu\/blog\/wp-content\/uploads\/2016\/05\/sem1_05.jpg 800w\" sizes=\"(max-width: 300px) 100vw, 300px\" \/><\/a><a href=\"http:\/\/dulajana.eu\/blog\/wp-content\/uploads\/2016\/05\/sem1_07.jpg\"><img loading=\"lazy\" decoding=\"async\" class=\"alignnone size-medium wp-image-398\" src=\"http:\/\/dulajana.eu\/blog\/wp-content\/uploads\/2016\/05\/sem1_07-300x225.jpg\" alt=\"sem1_07\" width=\"300\" height=\"225\" srcset=\"https:\/\/dulajana.eu\/blog\/wp-content\/uploads\/2016\/05\/sem1_07-300x225.jpg 300w, https:\/\/dulajana.eu\/blog\/wp-content\/uploads\/2016\/05\/sem1_07.jpg 800w\" sizes=\"(max-width: 300px) 100vw, 300px\" \/><\/a><\/p>\n<p style=\"text-align: center;\"><a href=\"http:\/\/dulajana.eu\/blog\/wp-content\/uploads\/2016\/05\/sem1_08.jpg\"><img loading=\"lazy\" decoding=\"async\" class=\"alignnone size-medium wp-image-399\" src=\"http:\/\/dulajana.eu\/blog\/wp-content\/uploads\/2016\/05\/sem1_08-300x225.jpg\" alt=\"sem1_08\" width=\"300\" height=\"225\" srcset=\"https:\/\/dulajana.eu\/blog\/wp-content\/uploads\/2016\/05\/sem1_08-300x225.jpg 300w, https:\/\/dulajana.eu\/blog\/wp-content\/uploads\/2016\/05\/sem1_08.jpg 800w\" sizes=\"(max-width: 300px) 100vw, 300px\" \/><\/a><\/p>\n","protected":false},"excerpt":{"rendered":"<p>Od roku\u00a02008 v r\u00e1mci Sv\u011btov\u00e9ho t\u00fddne respektu k porodu vedu besedy s \u017e\u00e1ky a studenty na t\u00e9ma zodpov\u011bdn\u00fd sex, t\u011bhotenstv\u00ed cht\u011bn\u00e9 versus necht\u011bn\u00e9, zp\u016fsob vn\u00edm\u00e1n\u00ed t\u011bhotenstv\u00ed a n\u00e1sledn\u011b tak\u00e9 porodu,<\/p>\n<p><a class=\"ka-read-more\" href=\"https:\/\/dulajana.eu\/blog\/?page_id=221\"><span class=\"read-more-button\">Read More<i class=\"fa fa-long-arrow-right\"><\/i><\/span><\/a><\/p>\n","protected":false},"author":1,"featured_media":0,"parent":223,"menu_order":0,"comment_status":"closed","ping_status":"open","template":"","meta":{"footnotes":""},"_links":{"self":[{"href":"https:\/\/dulajana.eu\/blog\/index.php?rest_route=\/wp\/v2\/pages\/221"}],"collection":[{"href":"https:\/\/dulajana.eu\/blog\/index.php?rest_route=\/wp\/v2\/pages"}],"about":[{"href":"https:\/\/dulajana.eu\/blog\/index.php?rest_route=\/wp\/v2\/types\/page"}],"author":[{"embeddable":true,"href":"https:\/\/dulajana.eu\/blog\/index.php?rest_route=\/wp\/v2\/users\/1"}],"replies":[{"embeddable":true,"href":"https:\/\/dulajana.eu\/blog\/index.php?rest_route=%2Fwp%2Fv2%2Fcomments&post=221"}],"version-history":[{"count":10,"href":"https:\/\/dulajana.eu\/blog\/index.php?rest_route=\/wp\/v2\/pages\/221\/revisions"}],"predecessor-version":[{"id":966,"href":"https:\/\/dulajana.eu\/blog\/index.php?rest_route=\/wp\/v2\/pages\/221\/revisions\/966"}],"up":[{"embeddable":true,"href":"https:\/\/dulajana.eu\/blog\/index.php?rest_route=\/wp\/v2\/pages\/223"}],"wp:attachment":[{"href":"https:\/\/dulajana.eu\/blog\/index.php?rest_route=%2Fwp%2Fv2%2Fmedia&parent=221"}],"curies":[{"name":"wp","href":"https:\/\/api.w.org\/{rel}","templated":true}]}}