{"id":223,"date":"2016-05-19T07:26:12","date_gmt":"2016-05-19T07:26:12","guid":{"rendered":"http:\/\/dulajana.eu\/blog\/?page_id=223"},"modified":"2024-06-20T02:01:47","modified_gmt":"2024-06-20T02:01:47","slug":"dalsi-aktivity","status":"publish","type":"page","link":"https:\/\/dulajana.eu\/blog\/?page_id=223","title":{"rendered":"Sexu\u00e1ln\u00ed &#8222;v\u00fdchova&#8220;"},"content":{"rendered":"\n<p>T\u00e9ma sexu, sexuality, pro\u017e\u00edv\u00e1n\u00ed intimnosti a vztahovosti, partnerstv\u00ed a vztah\u016f je v \u010desk\u00e9m prost\u0159ed\u00ed dlouhodob\u011b komunikov\u00e1no zp\u016fsobem, v n\u011bm\u017e se odr\u00e1\u017e\u00ed des\u00edtky let komunismu, kter\u00fdm jsme si pro\u0161li. Ten pojal sexu\u00e1ln\u00ed &#8222;v\u00fdchovu&#8220; na z\u00e1kladn\u00edch \u0161kol\u00e1ch jako takov\u00fd d\u011bsupln\u00fd dvouhodinov\u00fd v\u00fdlet do prost\u0159ed\u00ed promiskuitn\u00edch jedinc\u016f, kte\u0159\u00ed si p\u0159ed\u00e1vaj\u00ed pohlavn\u00ed nemoci a pak jsou nuceni br\u00e1t \u017eivoty nenarozen\u00fdm d\u011btem. Mlad\u00ed lid\u00e9 odch\u00e1zeli ot\u0159eseni pohledem na ko\u017en\u00ed l\u00e9ze a pr\u016fb\u011bh potratu a z\u00e1rove\u0148 zcela dezinformov\u00e1ni o skute\u010dn\u00e9 barevnosti sv\u011bta intimnost\u00ed. Dnes na n\u011bkter\u00fdch \u0161kol\u00e1ch maj\u00ed d\u011bti mo\u017enost proj\u00edt kvalitn\u011bj\u0161\u00edmi p\u0159edn\u00e1\u0161kami a workshopy. Bohu\u017eel v\u0161ak 35 let po p\u0159evratu st\u00e1le v \u010cesk\u00e9 republice neexistuje obecn\u011b platn\u00e1 metodika, kter\u00e1 by se t\u00e9matu sexuality ve \u0161koln\u00ed v\u00fduce modern\u011b a dle doporu\u010den\u00ed WHO v\u011bnovala. <\/p>\n","protected":false},"excerpt":{"rendered":"<p>T\u00e9ma sexu, sexuality, pro\u017e\u00edv\u00e1n\u00ed intimnosti a vztahovosti, partnerstv\u00ed a vztah\u016f je v \u010desk\u00e9m prost\u0159ed\u00ed dlouhodob\u011b komunikov\u00e1no zp\u016fsobem, v n\u011bm\u017e se odr\u00e1\u017e\u00ed des\u00edtky let komunismu, kter\u00fdm jsme si pro\u0161li. Ten pojal sexu\u00e1ln\u00ed &#8222;v\u00fdchovu&#8220;<\/p>\n<p><a class=\"ka-read-more\" href=\"https:\/\/dulajana.eu\/blog\/?page_id=223\"><span class=\"read-more-button\">Read More<i class=\"fa fa-long-arrow-right\"><\/i><\/span><\/a><\/p>\n","protected":false},"author":1,"featured_media":0,"parent":0,"menu_order":0,"comment_status":"closed","ping_status":"open","template":"","meta":{"footnotes":""},"_links":{"self":[{"href":"https:\/\/dulajana.eu\/blog\/index.php?rest_route=\/wp\/v2\/pages\/223"}],"collection":[{"href":"https:\/\/dulajana.eu\/blog\/index.php?rest_route=\/wp\/v2\/pages"}],"about":[{"href":"https:\/\/dulajana.eu\/blog\/index.php?rest_route=\/wp\/v2\/types\/page"}],"author":[{"embeddable":true,"href":"https:\/\/dulajana.eu\/blog\/index.php?rest_route=\/wp\/v2\/users\/1"}],"replies":[{"embeddable":true,"href":"https:\/\/dulajana.eu\/blog\/index.php?rest_route=%2Fwp%2Fv2%2Fcomments&post=223"}],"version-history":[{"count":17,"href":"https:\/\/dulajana.eu\/blog\/index.php?rest_route=\/wp\/v2\/pages\/223\/revisions"}],"predecessor-version":[{"id":962,"href":"https:\/\/dulajana.eu\/blog\/index.php?rest_route=\/wp\/v2\/pages\/223\/revisions\/962"}],"wp:attachment":[{"href":"https:\/\/dulajana.eu\/blog\/index.php?rest_route=%2Fwp%2Fv2%2Fmedia&parent=223"}],"curies":[{"name":"wp","href":"https:\/\/api.w.org\/{rel}","templated":true}]}}