{"id":236,"date":"2016-05-19T07:36:08","date_gmt":"2016-05-19T07:36:08","guid":{"rendered":"http:\/\/dulajana.eu\/blog\/?page_id=236"},"modified":"2016-05-19T07:36:08","modified_gmt":"2016-05-19T07:36:08","slug":"homeopatie-tehotenstvi-a-porod","status":"publish","type":"page","link":"https:\/\/dulajana.eu\/blog\/?page_id=236","title":{"rendered":"Homeopatie, t\u011bhotenstv\u00ed a porod"},"content":{"rendered":"<div style=\"text-align: left;\" align=\"right\">P\u0159evzato z\u00a0http:\/\/www.homeopatie.ivories.cz\/tisk.php?clanek_id=119&amp;tisk=1%3E<\/div>\n<div align=\"right\">11. z\u00e1\u0159\u00ed 2006<\/div>\n<div align=\"left\"><i>Jaroslav Rychlovsk\u00fd MUDr.<\/i><\/div>\n<p>&nbsp;<\/p>\n<p><center><\/p>\n<h2>Homeopatie, t\u011bhotenstv\u00ed a porod<\/h2>\n<p><i>interview pro \u010dasopis APERIO<\/i><\/center><\/p>\n<p>Rozhovor s MUDr. Jaroslavem Rychlovsk\u00fdm &#8211; l\u00e9ka\u0159em homeopatem.<\/p>\n<p>1. Co V\u00e1s p\u0159ivedlo k homeopatii a co tato l\u00e9\u010dba p\u0159edstavuje?<\/p>\n<p>Ji\u017e na studi\u00edch jsem se zaj\u00edmal o jin\u00e9 obory ne\u017e jen o klasickou medic\u00ednu, nap\u0159. o akupunkturu \u010di v\u00fdchodn\u00ed terapie. D\u016fvodem bylo to, \u017ee jsem nevid\u011bl v\u00fdsledky chemick\u00e9 l\u00e9\u010dby nemoc\u00ed jako dostate\u010dn\u00e9. Nem\u00e1m na mysli chirurgick\u00e9 obory, kter\u00e9 \u0159e\u0161\u00ed pokro\u010dil\u00e9 stavy org\u00e1nov\u00fdch poruch, kde operace je jedin\u00fdm mo\u017en\u00fdm \u0159e\u0161en\u00edm, ale b\u011b\u017en\u00e9 akutn\u00ed nebo chronick\u00e9 nemoci. V\u017edy jsem m\u011bl pocit, \u017ee nejv\u011bt\u0161\u00ed terapeutickou mo\u017enost\u00ed je pacient s\u00e1m. V\u011b\u0159\u00edm, \u017ee v ka\u017ed\u00e9m z n\u00e1s je ukryta schopnost zlep\u0161it \u010di vyl\u00e9\u010dit ka\u017edou nemoc, kter\u00e1 v n\u00e1s propukla. Jen v\u011bd\u011bt, jak ji v sob\u011b iniciovat a pou\u017e\u00edt. Vych\u00e1z\u00edm z pozn\u00e1n\u00ed, se kter\u00fdm pracovali ji\u017e na\u0161i p\u0159edkov\u00e9, \u017ee v \u017eiv\u00e9m t\u011ble existuje energie &#8211; \u017eivotn\u00ed s\u00edla &#8211; kter\u00e1 na\u0161e slo\u017eit\u00e9 t\u011blesn\u00e9 za\u0159\u00edzen\u00ed ovl\u00e1d\u00e1. J\u00ed jsou pod\u0159\u00edzeny d\u011bje metabolick\u00e9, psychick\u00e9 a emocion\u00e1ln\u00ed. To na\u0161e nehmotn\u00e9 J\u00e1 je velitel a na\u0161e t\u011blo poslouch\u00e1 p\u0159\u00edkazy v\u010detn\u011b t\u011bch chybn\u00fdch. Homeopatick\u00e1 l\u00e9\u010dba je schopna p\u016fsobit p\u0159\u00edmo na tuto energii a umo\u017e\u0148uje n\u00e1pravu chybn\u00fdch reakc\u00ed v na\u0161em syst\u00e9mu. Je to proto, \u017ee homeopatick\u00fd l\u00e9k nep\u016fsob\u00ed na hmotn\u00e9, ale na energetick\u00e9 \u00farovni. V\u00fdsledkem homeopatick\u00e9ho p\u016fsoben\u00ed je zm\u011bna vnit\u0159n\u00edho nastaven\u00ed na\u0161eho syst\u00e9mu, kter\u00fd s\u00e1m dok\u00e1\u017ee chybu identifikovat a odstranit. Zn\u00ed to jednodu\u0161e, ale existuje jedna velmi podstatn\u00e1 podm\u00ednka \u00fasp\u011bchu t\u00e9to terapie, a to nalezen\u00ed vhodn\u00e9ho l\u00e9ku. Ka\u017ed\u00fd z n\u00e1s um\u00ed sn\u00ed\u017eit teplotu Aspirinem, ale ani zku\u0161en\u00fd homeopat leckdy tento symptom neum\u00ed bez dobr\u00fdch znalost\u00ed vy\u0159e\u0161it. Zv\u00fd\u0161en\u00e1 teplota je symptom, kter\u00fdm n\u00e1m na\u0161e t\u011blo signalizuje, \u017ee uvnit\u0159 je n\u011bco v nepo\u0159\u00e1dku. K tomu, abychom homeopatick\u00fdm l\u00e9kem teplotu sn\u00ed\u017eili, mus\u00edme v\u011bd\u011bt, na co t\u00edm t\u011blo reaguje, co m\u016f\u017ee b\u00fdt d\u016fvodem t\u00e9to reakce. K p\u0159edeps\u00e1n\u00ed \u00fa\u010dinn\u00e9ho l\u00e9ku mus\u00edme o pacientovi zn\u00e1t \u0159adu informac\u00ed. Dal\u0161\u00ed nezbytnou podm\u00ednkou \u00fasp\u011b\u0161n\u00e9 l\u00e9\u010dby nemoc\u00ed je podrobn\u00e9 studium homeopatick\u00e9 filozofie, homeopatick\u00fdch z\u00e1kon\u016f a to nejt\u011b\u017e\u0161\u00ed, znalost homeopatick\u00fdch l\u00e9k\u016f. Amat\u00e9rismus do homeopatie nepat\u0159\u00ed, proto\u017ee pracujete s lidsk\u00fdm \u017eivotem. Ka\u017ed\u00fd l\u00e9ka\u0159 i homeopat by m\u011bl vz\u00edt tak\u00e9 plnou osobn\u00ed odpov\u011bdnost za sv\u00e9 vzd\u011bl\u00e1v\u00e1n\u00ed.<\/p>\n<p>2. Jak dlouho se ji\u017e v\u011bnujete homeopatick\u00e9 medic\u00edn\u011b?<\/p>\n<p>Homeopatii pou\u017e\u00edv\u00e1m k l\u00e9\u010db\u011b r\u016fzn\u00fdch nemoc\u00ed p\u0159es 12 let, ale teorii homeopatie studuji mnoh\u00e9m d\u00e9le. P\u0159ed rokem jsem ukon\u010dil 3letou \u0161kolu klasick\u00e9 homeopatie v italsk\u00e9 Bologni. Jako jeden z m\u00e1la l\u00e9ka\u0159\u016f v t\u00e9to zemi m\u00e1m diplom platn\u00fd pro Evropskou Unii. Ve studiu pokra\u010duji d\u00e1l.<\/p>\n<p>3. Co v\u0161echno lze homeopati\u00ed l\u00e9\u010dit?<\/p>\n<p>V podstat\u011b cokoliv. Upraven\u00edm energie v na\u0161em t\u011ble pos\u00edl\u00edme dobrou funkci imunity, tak\u017ee nap\u0159. odstran\u00edme sklon k infekc\u00edm, alergii \u010di poruch\u00e1m metabolismu. U \u017een doch\u00e1z\u00ed k \u00faprav\u011b menstrua\u010dn\u00edho cyklu atd. Pacient po pod\u00e1n\u00ed l\u00e9ku m\u016f\u017ee pozorovat psychick\u00e9 zklidn\u011bn\u00ed, n\u00e1r\u016fst energie a ur\u010dit\u00fd \u017eivotn\u00ed nadhled, kter\u00fd mu pom\u00e1h\u00e1 zvl\u00e1dat \u017eivotn\u00ed probl\u00e9my sn\u00e1ze. Pr\u00e1v\u011b tyto \u017eivotn\u00ed probl\u00e9my jsou \u010dastou p\u0159\u00ed\u010dinou poruch zdrav\u00ed. Ka\u017ed\u00fd v sob\u011b m\u00e1me zakomponovanou rovinu zranitelnosti na ur\u010dit\u00e1 t\u00e9mata. V okam\u017eiku, kdy je \u017eivot p\u0159ed n\u00e1s postav\u00ed, m\u016f\u017eeme onemocn\u011bt. Je to t\u00edm, \u017ee tato t\u00e9mata v sob\u011b neum\u00edme vy\u0159e\u0161it, zpracovat a naj\u00edt z nich v\u00fdchodisko. Nemoc je tedy ur\u010ditou reakc\u00ed t\u0159eba na psychick\u00fd stres, pracovn\u00ed z\u00e1t\u011b\u017e \u010di dlouhodobou nespokojenost. \u010casto v praxi pozoruji, jak n\u011bkte\u0159\u00ed pacienti onemocn\u00ed v obdob\u00ed velk\u00fdch \u017eivotn\u00edch zm\u011bn \u010di ve chv\u00edli, kdy n\u011bco v\u00fdznamn\u00e9ho ztrat\u00ed &#8211; bl\u00edzk\u00e9ho \u010dlov\u011bka, majetek, postaven\u00ed. Ka\u017ed\u00fd reagujeme na n\u011bco jin\u00e9ho. To je pro n\u00e1s typick\u00e9 a to n\u00e1s i charakterizuje.<\/p>\n<p>4. Podle \u010deho se homeopatick\u00fd l\u00e9k vyb\u00edr\u00e1?<\/p>\n<p>Tohle t\u00e9ma pat\u0159\u00ed v homeopatick\u00e9 medic\u00edn\u011b k nejt\u011b\u017e\u0161\u00edm a nejkomplikovan\u011bj\u0161\u00edm. V homeopatii nepracujeme s pojmem diagn\u00f3za jako s jedin\u00fdm vod\u00edtkem k l\u00e9ku, to je velmi zjednodu\u0161en\u00e9 a zav\u00e1d\u011bj\u00edc\u00ed sch\u00e9ma. Diagn\u00f3za je jen \u010d\u00e1st\u00ed cel\u00e9ho komplexu hodnocen\u00ed. Ka\u017ed\u00fd pacient, kter\u00fd m\u00e1 b\u00fdt \u00fasp\u011b\u0161n\u011b l\u00e9\u010den, mus\u00ed b\u00fdt pe\u010dliv\u011b vy\u0161et\u0159en a vyzpov\u00edd\u00e1n. Jedn\u00e1 se hlavn\u011b o vy\u0161et\u0159en\u00ed pocitov\u00e9ho stavu nemocn\u00e9ho a pochopen\u00ed jeho \u017eivotn\u00ed situace. Zji\u0161t\u011bn\u00ed jeho roviny zranitelnosti, od n\u00ed m\u016f\u017eeme vystopovat za\u010d\u00e1tky onemocn\u011bn\u00ed. Nemoc je specifick\u00e1 reakce na \u017eivotn\u00ed z\u00e1t\u011b\u017e. Ke stanoven\u00ed l\u00e9ku mus\u00edme ur\u010dit typologii pacienta, kter\u00e1 v sob\u011b zahrnuje psychick\u00e9, t\u011blesn\u00e9 i obecn\u00e9 charakteristiky. Je to velmi slo\u017eit\u00fd syst\u00e9m ur\u010dov\u00e1n\u00ed, proto\u017ee spr\u00e1vn\u00fd l\u00e9k vyb\u00edr\u00e1me ze souboru stovek l\u00e9k\u016f. Mus\u00edte m\u00edt dobr\u00fd pozorovac\u00ed talent a dostate\u010dn\u00e9 vzd\u011bl\u00e1n\u00ed, jinak l\u00e9k nenajdete. Bez nalezen\u00ed spr\u00e1vn\u00e9ho l\u00e9ku homeopatick\u00e1 l\u00e9\u010dba bu\u010f nefunguje, nebo jen na chv\u00edli, anebo se nemoc m\u016f\u017ee potla\u010dit. Potom se porucha u pacienta p\u0159esune na jin\u00fd org\u00e1n, tak jako v klasick\u00e9 medic\u00edn\u011b &#8211; nap\u0159. zal\u00e9\u010d\u00edte d\u00edt\u011bti ekz\u00e9m mastmi se steroidy a \u010dasto se u n\u011bho pozd\u011bji objev\u00ed alergie a astma.<\/p>\n<p>5. Te\u010f kone\u010dn\u011b p\u0159ich\u00e1z\u00edme k tomu, jak je homeopatie pou\u017eiteln\u00e1 v t\u011bhotenstv\u00ed a p\u0159i porodu?<\/p>\n<p>Homeopatick\u00e1 l\u00e9\u010dba m\u00e1 oproti chemick\u00e9 medic\u00edn\u011b jednu velkou p\u0159ednost &#8211; nem\u00e1 vedlej\u0161\u00ed negativn\u00ed \u00fa\u010dinky. Pokud t\u011bhotn\u00e1 \u017eena onemocn\u00ed, m\u016f\u017ee b\u00fdt homeopatiky l\u00e9\u010dena a vyl\u00e9\u010dena &#8211; co\u017e potvrzuji laboratorn\u00edm \u010di jin\u00fdm vy\u0161et\u0159en\u00edm &#8211; ani\u017e bychom zvy\u0161oval riziko negativn\u00edho ovlivn\u011bn\u00ed vyv\u00edjej\u00edc\u00edho se z\u00e1rodku d\u00edt\u011bte. Opakovan\u011b jsem pozoroval u t\u011bhotn\u00fdch pacientek, \u017ee po podan\u00e9m homeopatiku do\u0161lo nejen k \u00fastupu symptom\u016f akutn\u00ed nemoci, ale i zlep\u0161en\u00ed dal\u0161\u00edch charakteristik, jako nap\u0159. n\u00e1r\u016fst energie, \u00fastup nevolnosti v za\u010d\u00e1tc\u00edch t\u011bhotenstv\u00ed, zlep\u0161en\u00ed sp\u00e1nku, vymizen\u00ed bolest\u00ed p\u00e1te\u0159e, psychick\u00e9mu zklidn\u011bn\u00ed \u017eeny. V\u011b\u0159\u00edm, \u017ee tato komplexn\u00ed l\u00e9\u010dba budouc\u00ed maminky p\u016fsob\u00ed dob\u0159e i na vyv\u00edjej\u00edc\u00ed se plod. Homeopatick\u00e1 terapie zlep\u0161uje celkov\u00fd stav t\u011bhotn\u00e9 \u017eeny, umo\u017e\u0148uje jej\u00edmu organismu, aby fungoval optim\u00e1ln\u011b v t\u011bhotenstv\u00ed i ve f\u00e1zi porodu a po n\u011bm. Existuj\u00ed homeopatick\u00e9 l\u00e9ky, kter\u00e9 se pod\u00e1vaj\u00ed ke konci t\u011bhotenstv\u00ed jako podpora za \u00fa\u010delem navozen\u00ed relaxace d\u011blo\u017en\u00edho hrdla, ke zm\u00edrn\u011bn\u00ed nadm\u011brn\u011b bolestiv\u00fdch stah\u016f b\u011bhem porodu, \u010di sn\u00ed\u017een\u00ed poporodn\u00edho krv\u00e1cen\u00ed. Opakovan\u011b jsem od \u017een, kter\u00fdm jsem tyto l\u00e9ky p\u0159ed porodem p\u0159edepsal, dostal zpr\u00e1vu, \u017ee je u porodu pou\u017eily s dobr\u00fd efektem.<\/p>\n<p>6. Jsou homeopatika vhodn\u00e1 pro l\u00e9\u010dbu nemoc\u00ed u novorozenc\u016f nebo p\u0159i nemoci matky v dob\u011b kojen\u00ed?<\/p>\n<p>Opakovan\u011b vyl\u00e9\u010dil homeopatick\u00fd l\u00e9k z\u00e1n\u011bty prsou u koj\u00edc\u00edch \u017een, ani\u017e bych k tomu pou\u017eil antibiotika. Pokud se nemocn\u00e9mu novorozenci pod\u00e1 homeopatick\u00fd l\u00e9k nap\u0159. ve form\u011b kapek, m\u016f\u017eeme hned od za\u010d\u00e1tku jeho \u017eivota p\u0159\u00edzniv\u011b ovlivnit jeho zdrav\u00ed a tud\u00ed\u017e i v\u00fdvoj. Dobrou homeopatickou l\u00e9\u010dbou novoroze\u0148at a mal\u00fdch d\u011bt\u00ed m\u016f\u017eeme dos\u00e1hnout sn\u00ed\u017een\u00ed rozvoje chronick\u00fdch nemoc\u00ed, nap\u0159. alergi\u00ed, ekz\u00e9m\u016f, poruch za\u017e\u00edv\u00e1n\u00ed \u010di jin\u00fdch z\u00e1va\u017en\u00fdch onemocn\u011bn\u00ed a p\u0159edej\u00edt tomu, aby se z d\u00edt\u011bte stal celo\u017eivotn\u00ed konzument chemick\u00fdch l\u00e9k\u016f.<\/p>\n<p>D\u011bkuji V\u00e1m za rozhovor.<\/p>\n<p>Pozn. red.<br \/>\nMUDr. Jaroslav Rychlovsk\u00fd vystudoval Universitu Karlovu v Praze a po promoci za\u010dal svoj\u00ed praxi jako praktick\u00fd l\u00e9ka\u0159. Postupn\u011b do sv\u00e9 terapie za\u0159adil alternativn\u00ed obory jako akupunkturu a homeopatii. V sou\u010dasn\u00e9 dob\u011b po\u0159\u00e1d\u00e1 i \u0161kolen\u00ed, kde vyu\u010duje homeopatickou medic\u00ednu pro pokro\u010dil\u00e9 homeopaty.<br \/>\nSvoji soukromou praxi m\u00e1 na adrese \u010cernomo\u0159sk\u00e1 4, Praha 10.<br \/>\nK homeopatick\u00e9 l\u00e9\u010db\u011b je pot\u0159eba se p\u0159edem telefonicky objednat.<br \/>\nTelefonn\u00ed kontakt je +420602852115.<\/p>\n<p><center><i>zdroj: \u010dasopis APEIRO<\/i><\/p>\n<p><span class=\"alert\"><a href=\"http:\/\/www.homeopatie.ivories.cz\/index.php?strana=clanky&amp;jenautor=62\">zobrazit v\u0161echny \u010dl\u00e1nky tohoto autora<\/a><\/span><\/center><\/p>\n","protected":false},"excerpt":{"rendered":"<div style=\"text-align: left;\" align=\"right\">P\u0159evzato z\u00a0http:\/\/www.homeopatie.ivories.cz\/tisk.php?clanek_id=119&amp;tisk=1%3E<\/div>\n<div align=\"right\">11. z\u00e1\u0159\u00ed 2006<\/div>\n<div align=\"left\"><i>Jaroslav Rychlovsk\u00fd MUDr.<\/i><\/div>\n<p>&nbsp;<\/p>\n<\/p>\n<h2>Homeopatie, t\u011bhotenstv\u00ed a porod<\/h2>\n<p><i>interview pro \u010dasopis APERIO<\/i><\/p>\n<p>Rozhovor s MUDr.<\/p>\n<p><a class=\"ka-read-more\" href=\"https:\/\/dulajana.eu\/blog\/?page_id=236\"><span class=\"read-more-button\">Read More<i class=\"fa fa-long-arrow-right\"><\/i><\/span><\/a><\/p>\n","protected":false},"author":1,"featured_media":0,"parent":191,"menu_order":0,"comment_status":"closed","ping_status":"open","template":"","meta":{"footnotes":""},"_links":{"self":[{"href":"https:\/\/dulajana.eu\/blog\/index.php?rest_route=\/wp\/v2\/pages\/236"}],"collection":[{"href":"https:\/\/dulajana.eu\/blog\/index.php?rest_route=\/wp\/v2\/pages"}],"about":[{"href":"https:\/\/dulajana.eu\/blog\/index.php?rest_route=\/wp\/v2\/types\/page"}],"author":[{"embeddable":true,"href":"https:\/\/dulajana.eu\/blog\/index.php?rest_route=\/wp\/v2\/users\/1"}],"replies":[{"embeddable":true,"href":"https:\/\/dulajana.eu\/blog\/index.php?rest_route=%2Fwp%2Fv2%2Fcomments&post=236"}],"version-history":[{"count":1,"href":"https:\/\/dulajana.eu\/blog\/index.php?rest_route=\/wp\/v2\/pages\/236\/revisions"}],"predecessor-version":[{"id":237,"href":"https:\/\/dulajana.eu\/blog\/index.php?rest_route=\/wp\/v2\/pages\/236\/revisions\/237"}],"up":[{"embeddable":true,"href":"https:\/\/dulajana.eu\/blog\/index.php?rest_route=\/wp\/v2\/pages\/191"}],"wp:attachment":[{"href":"https:\/\/dulajana.eu\/blog\/index.php?rest_route=%2Fwp%2Fv2%2Fmedia&parent=236"}],"curies":[{"name":"wp","href":"https:\/\/api.w.org\/{rel}","templated":true}]}}