{"id":242,"date":"2016-05-19T07:41:15","date_gmt":"2016-05-19T07:41:15","guid":{"rendered":"http:\/\/dulajana.eu\/blog\/?page_id=242"},"modified":"2016-05-23T07:06:11","modified_gmt":"2016-05-23T07:06:11","slug":"deti","status":"publish","type":"page","link":"https:\/\/dulajana.eu\/blog\/?page_id=242","title":{"rendered":"D\u011bti"},"content":{"rendered":"<p style=\"text-align: center;\"><strong>Va\u0161e d\u011bti nejsou va\u0161imi d\u011btmi.<\/strong><br \/>\n<strong>Jsou syny a dcerami \u017eivota, tou\u017e\u00edc\u00edch po sob\u011b sam\u00e9m.<\/strong><br \/>\n<strong> P\u0159ich\u00e1zej\u00ed skrze v\u00e1s, ale ne od v\u00e1s.<\/strong><br \/>\n<strong> A t\u0159eba\u017ee jsou s v\u00e1mi, p\u0159ece v\u00e1m nepat\u0159\u00ed.<\/strong><br \/>\n<strong> M\u016f\u017eete jim d\u00e1t svou l\u00e1sku, ne v\u0161ak sv\u00e9 my\u0161lenky, nebo\u0165 ony maj\u00ed vlastn\u00ed my\u0161lenky.<\/strong><br \/>\n<strong> M\u016f\u017eete d\u00e1t domov jejich t\u011bl\u016fm, ne v\u0161ak jejich du\u0161\u00edm,<\/strong><br \/>\n<strong> nebo\u0165 jejich du\u0161e p\u0159eb\u00fdvaj\u00ed v domov\u011b z\u00edt\u0159ka,<\/strong><br \/>\n<strong> kter\u00fd vy nem\u016f\u017eete nav\u0161t\u00edvit dokonce ani ve sv\u00fdch snech.<\/strong><br \/>\n<strong> M\u016f\u017eete se sna\u017eit b\u00fdt jako ony, nepokou\u0161ejte se v\u0161ak u\u010dinit je podobn\u00e9 sob\u011b.<\/strong><br \/>\n<strong> Nebo\u0165 \u017eivot nekr\u00e1\u010d\u00ed zp\u011bt a nezastavuje se u v\u010derej\u0161ka.<\/strong><br \/>\n<strong> Jste luky, z nich\u017e jsou va\u0161e d\u011bti vyst\u0159elov\u00e1ny jako \u017eiv\u00e9 \u0161\u00edpy.<\/strong><br \/>\n<strong> Lu\u010di\u0161tn\u00edk vid\u00ed na stezce nekone\u010dn\u00e1 ter\u010d a nap\u00edn\u00e1 v\u00e1s svou silou, aby jeho \u0161\u00edpy let\u011bly rychle a daleko.<\/strong><br \/>\n<strong> A\u0165 nap\u00edn\u00e1n\u00ed rukou Lu\u010di\u0161tn\u00edka je pro v\u00e1s radost\u00ed.<\/strong><br \/>\n<strong> Nebo\u0165 jak miluje \u0161\u00edp, kter\u00fd let\u00ed, tak miluje tak\u00e9 luk, kter\u00fd je pevn\u00fd.<\/strong><\/p>\n<p style=\"text-align: center;\">(Rab\u00edndran\u00e1th Th\u00e1kur)<\/p>\n<p style=\"text-align: center;\">\n<p style=\"text-align: center;\">\n<p style=\"text-align: center;\"><a href=\"http:\/\/dulajana.eu\/blog\/wp-content\/uploads\/2016\/04\/baby.png\"><img loading=\"lazy\" decoding=\"async\" class=\"alignnone size-medium wp-image-340\" src=\"http:\/\/dulajana.eu\/blog\/wp-content\/uploads\/2016\/04\/baby-300x150.png\" alt=\"baby\" width=\"300\" height=\"150\" srcset=\"https:\/\/dulajana.eu\/blog\/wp-content\/uploads\/2016\/04\/baby-300x150.png 300w, https:\/\/dulajana.eu\/blog\/wp-content\/uploads\/2016\/04\/baby.png 400w\" sizes=\"(max-width: 300px) 100vw, 300px\" \/><\/a><\/p>\n","protected":false},"excerpt":{"rendered":"<p style=\"text-align: center;\">Va\u0161e d\u011bti nejsou va\u0161imi d\u011btmi.<br \/>\nJsou syny a dcerami \u017eivota, tou\u017e\u00edc\u00edch po sob\u011b sam\u00e9m.<br \/>\n P\u0159ich\u00e1zej\u00ed skrze v\u00e1s, ale ne od v\u00e1s.<br \/>\n A t\u0159eba\u017ee jsou s v\u00e1mi, p\u0159ece v\u00e1m nepat\u0159\u00ed.<\/p>\n<p><a class=\"ka-read-more\" href=\"https:\/\/dulajana.eu\/blog\/?page_id=242\"><span class=\"read-more-button\">Read More<i class=\"fa fa-long-arrow-right\"><\/i><\/span><\/a><\/p>\n","protected":false},"author":1,"featured_media":0,"parent":0,"menu_order":0,"comment_status":"closed","ping_status":"open","template":"","meta":{"footnotes":""},"_links":{"self":[{"href":"https:\/\/dulajana.eu\/blog\/index.php?rest_route=\/wp\/v2\/pages\/242"}],"collection":[{"href":"https:\/\/dulajana.eu\/blog\/index.php?rest_route=\/wp\/v2\/pages"}],"about":[{"href":"https:\/\/dulajana.eu\/blog\/index.php?rest_route=\/wp\/v2\/types\/page"}],"author":[{"embeddable":true,"href":"https:\/\/dulajana.eu\/blog\/index.php?rest_route=\/wp\/v2\/users\/1"}],"replies":[{"embeddable":true,"href":"https:\/\/dulajana.eu\/blog\/index.php?rest_route=%2Fwp%2Fv2%2Fcomments&post=242"}],"version-history":[{"count":6,"href":"https:\/\/dulajana.eu\/blog\/index.php?rest_route=\/wp\/v2\/pages\/242\/revisions"}],"predecessor-version":[{"id":416,"href":"https:\/\/dulajana.eu\/blog\/index.php?rest_route=\/wp\/v2\/pages\/242\/revisions\/416"}],"wp:attachment":[{"href":"https:\/\/dulajana.eu\/blog\/index.php?rest_route=%2Fwp%2Fv2%2Fmedia&parent=242"}],"curies":[{"name":"wp","href":"https:\/\/api.w.org\/{rel}","templated":true}]}}