{"id":370,"date":"2016-05-22T10:37:08","date_gmt":"2016-05-22T10:37:08","guid":{"rendered":"http:\/\/dulajana.eu\/blog\/?page_id=370"},"modified":"2016-05-22T10:39:37","modified_gmt":"2016-05-22T10:39:37","slug":"akutni-homeopaticka-pomoc","status":"publish","type":"page","link":"https:\/\/dulajana.eu\/blog\/?page_id=370","title":{"rendered":"Akutn\u00ed homeopatick\u00e1 pomoc"},"content":{"rendered":"<div>\n<div align=\"left\">Poradit homeopatick\u00fd l\u00e9k na akutn\u00ed onemocn\u011bn\u00ed nen\u00ed v homeopatii jednoduch\u00e9, v\u017edy je vhodn\u00e1 konzultace se sv\u00fdm homeopatem, pokud o homeopatii moc nev\u00edme. P\u0159esto se pokus\u00edm poradit, jak si pomoci v p\u0159\u00edpad\u011b nutn\u00e9 pomoci. Nemus\u00ed se jednat o p\u0159esn\u00fd l\u00e9k pr\u00e1v\u011b pro v\u00e1s, pokud o n\u011bm budete rozhodovat vy sami ale m\u016f\u017eete se k n\u011bmu p\u0159ibl\u00ed\u017eit, aby v\u00e1m pomohl na sv\u00e9 \u00farovni. Pop\u0159\u00edpad\u011b zkusit jin\u00fd homeopatick\u00fd l\u00e9k.<\/div>\n<\/div>\n<p>Pokud se n\u011bkdo chce l\u00e9\u010dit homeopatii je d\u016fle\u017eit\u00e9, aby pou\u017eil sv\u00e9 pozorovac\u00ed schopnosti a vn\u00edmal v\u0161e , co je rozhoduj\u00edc\u00ed pro v\u00fdb\u011br homeopatick\u00e9ho l\u00e9ku a to nap\u0159.: Za\u010d\u00e1tek n\u00e1stupu onemocn\u011bn\u00ed, r\u00e1no \u010di ve\u010der, rychl\u00fd n\u00e1stup nemoci \u010di pozvoln\u00fd. Onemocn\u011bn\u00ed vznikl\u00e9 ze zimy, z nachlazen\u00ed, z tepla, z p\u0159eh\u0159\u00e1t\u00ed, z vystaven\u00ed se na v\u011btru, ze stresu, z fyzick\u00e9ho \u010di psychick\u00e9ho vyp\u011bt\u00ed. Nemoc nastoupila n\u00e1hle \u010di pomalu, Bolest v krku za\u010dala na lev\u00e9 stran\u011b \u010di na prav\u00e9. Teplota je st\u00e1l\u00e1 nebo nest\u00e1l\u00e1, nastoupila okam\u017eit\u011b \u010di pozvolna. Je velk\u00e1 \u017e\u00edze\u0148 nebo nechceme p\u00edt, m\u00e1me chu\u0165 na tepl\u00e9 n\u00e1poje \u010di chladn\u00e9. Bolest se zlep\u0161uje klidem \u010di pohybem, teplem \u010di chladem. Chceme spole\u010dnost nebo naopak nechceme nikoho vid\u011bt. Jak nemoc sn\u00e1\u0161\u00edme, jsme podr\u00e1\u017ed\u011bn\u00ed, klidn\u00ed, vystra\u0161en\u00ed.<\/p>\n<p>Kdy\u017e si sami koup\u00edme homeopatick\u00fd l\u00e9k v l\u00e9k\u00e1rn\u011b, tak v potenci 5 CH nebo 9 CH, po kunzultaci a s n\u00e1slednou konzultac\u00ed s homeopatem, lze pou\u017e\u00edt potenci 15 CH a\u017e 30CH. Spr\u00e1vn\u00e1 volba l\u00e9ku je d\u016fle\u017eit\u00e1, tak i jej\u00ed potence. D\u00e1vkov\u00e1n\u00ed je v\u017edy individu\u00e1ln\u00ed. Nej\u010dast\u011bji pou\u017e\u00edv\u00e1me 1-3 kuli\u010dky z po\u010d\u00e1tku ka\u017ed\u00fdch \u010dtvrt hodiny, nanejv\u00fd\u0161e 10 d\u00e1vek. Pokud b\u011bhem 24 hodin nedojde k zlep\u0161en\u00ed, je nutno zm\u011bnit l\u00e9k. Homeopatick\u00fd l\u00e9k, kter\u00fd u\u017e\u00edv\u00e1me sami bez konzultace s homeopatem bereme nanejv\u00fd\u0161e 3 a\u017e 4 dny a se zlep\u0161en\u00edm postupn\u011b homeopatikum v\u017edy vysazujeme. Aspo\u0148 20 minut p\u0159ed pod\u00e1n\u00ed l\u00e9ku a 20 minut po pod\u00e1n\u00ed l\u00e9ku si nic ned\u00e1v\u00e1me do \u00fast, zdr\u017e\u00edme se j\u00eddla a pit\u00ed. Homeopatick\u00fdch l\u00e9k\u016f se \u0144edot\u00fdk\u00e1me rukou.<\/p>\n<p>Je vhodn\u00e9 si po\u0159\u00eddit o homeopatie publikaci, kter\u00e1 v\u00e1m homeopatii v\u00edce p\u0159ibl\u00ed\u017e\u00ed a pom\u016f\u017ee p\u0159i volb\u011b l\u00e9ku p\u0159i samol\u00e9\u010db\u011b. Zde se jedn\u00e1 jen o uk\u00e1zkov\u00fd modul homeopatick\u00e9 pomoci.<\/p>\n<p>Nejvhodn\u011bj\u0161\u00ed l\u00e9\u010dba je v\u0161ak klasickou homeopatii s holistick\u00fdm p\u0159\u00edstupem, kdy se pod\u00e1v\u00e1 jedna d\u00e1vka jednoho l\u00e9ku v jednom \u010dase, kdy se ne\u0159e\u0161\u00ed jen akutn\u00ed p\u0159\u00edznaky.<\/p>\n<p>V p\u0159\u00edpad\u011b homeopatick\u00e9 l\u00e9\u010dby pln\u011b p\u0159eb\u00edr\u00e1me sami zodpov\u011bdnost za svoje zdrav\u00ed! Konzultaci o pr\u016fb\u011bhu l\u00e9\u010dby s homeopatem a b\u00fdt pod dohledem sv\u00e9ho l\u00e9ka\u0159e pova\u017euji za samoz\u0159ejmost.<\/p>\n<p>&nbsp;<\/p>\n<p>V\u00ddZNAM my\u0161lenek, emoc\u00ed, pocit\u016f aj. m\u00e1 vliv na lidsk\u00e9 zdrav\u00ed. V\u00fdznam je pro\u017e\u00edv\u00e1n v mysli. Bez mysli nem\u016f\u017ee b\u00fdt v\u00fdznamu a v\u00fdznam samotn\u00fd je neodd\u011bliteln\u00fd od my\u0161lenek, pocit\u016f a emoc\u00ed.<\/p>\n<p>V\u00ddZNAM A NEMOC, v\u00fdznam m\u016f\u017ee zp\u016fsobit nemoc i dokonce smrt. Pokud dlouhodob\u011b d\u011bl\u00e1me n\u011bco co nechceme, t\u011blo jakoby samo p\u0159ivod\u00ed, abychom to d\u011blat nemuseli. Onemocn\u00edme. Pokud z na\u0161\u00ed strany nedojde ke zm\u011bn\u011b na\u0161eho jedn\u00e1n\u00ed, fyzick\u00e9 t\u011blo d\u00e1l str\u00e1d\u00e1 a m\u016f\u017ee doj\u00edt a\u017e k infarktu. P\u0159\u00ed\u010dina pak u\u017e ani nen\u00ed zv\u00fd\u0161en\u00fd tlak, zv\u00fd\u0161en\u00fd cholesterol, ale odpor k tomu co d\u011bl\u00e1me.Obrazy nemoci se postupn\u011b formuluj\u00ed a \u010dekaj\u00ed na homeoterapeuta, aby je pozoroval a pochopil jejich v\u00fdznam.<\/p>\n<p>V\u00ddZNAM A ZDRAV\u00cd, prvn\u00edm krokem k l\u00e9\u010div\u00e9mu procesu je pochopen\u00ed, jak p\u0159isp\u011bla mysl k t\u011blesn\u00fdm nemocem. Ukazuje klientovi, jak mus\u00ed p\u0159isp\u011bt k tomu, aby byl v m\u00edru s\u00e1m se sebou samotn\u00fdm. Ve vztahu mezi terapeutem a klientem m\u011bn\u00ed terapeut v\u00fdznam nemoci pro klienta. Jedn\u00e1 se o z\u00edsk\u00e1n\u00ed znalost\u00ed o nev\u011bdom\u00ed druh\u00e9ho \u010dlov\u011bka, v\u011bdomou zku\u0161enost\u00ed.<\/p>\n<p>V okam\u017eiku, kdy si klient uv\u011bdomuje, jak je rozpolcen, je ji\u017e za\u010d\u00e1tek, kdy se za\u010d\u00edn\u00e1 znovu zcelovat. L\u00e9\u010div\u00fd proces se odehr\u00e1v\u00e1 ve vn\u00edm\u00e1n\u00ed a my\u0161lenk\u00e1ch.<\/p>\n<p>(Eli\u0161ka Grazov\u00e1)<\/p>\n<p>&nbsp;<\/p>\n","protected":false},"excerpt":{"rendered":"<div>\n<div align=\"left\">Poradit homeopatick\u00fd l\u00e9k na akutn\u00ed onemocn\u011bn\u00ed nen\u00ed v homeopatii jednoduch\u00e9, v\u017edy je vhodn\u00e1 konzultace se sv\u00fdm homeopatem, pokud o homeopatii moc nev\u00edme. P\u0159esto se pokus\u00edm poradit, jak si pomoci v p\u0159\u00edpad\u011b nutn\u00e9 pomoci.<\/div>\n<\/div>\n<p><a class=\"ka-read-more\" href=\"https:\/\/dulajana.eu\/blog\/?page_id=370\"><span class=\"read-more-button\">Read More<i class=\"fa fa-long-arrow-right\"><\/i><\/span><\/a><\/p>\n","protected":false},"author":1,"featured_media":0,"parent":191,"menu_order":0,"comment_status":"closed","ping_status":"open","template":"","meta":{"footnotes":""},"_links":{"self":[{"href":"https:\/\/dulajana.eu\/blog\/index.php?rest_route=\/wp\/v2\/pages\/370"}],"collection":[{"href":"https:\/\/dulajana.eu\/blog\/index.php?rest_route=\/wp\/v2\/pages"}],"about":[{"href":"https:\/\/dulajana.eu\/blog\/index.php?rest_route=\/wp\/v2\/types\/page"}],"author":[{"embeddable":true,"href":"https:\/\/dulajana.eu\/blog\/index.php?rest_route=\/wp\/v2\/users\/1"}],"replies":[{"embeddable":true,"href":"https:\/\/dulajana.eu\/blog\/index.php?rest_route=%2Fwp%2Fv2%2Fcomments&post=370"}],"version-history":[{"count":2,"href":"https:\/\/dulajana.eu\/blog\/index.php?rest_route=\/wp\/v2\/pages\/370\/revisions"}],"predecessor-version":[{"id":373,"href":"https:\/\/dulajana.eu\/blog\/index.php?rest_route=\/wp\/v2\/pages\/370\/revisions\/373"}],"up":[{"embeddable":true,"href":"https:\/\/dulajana.eu\/blog\/index.php?rest_route=\/wp\/v2\/pages\/191"}],"wp:attachment":[{"href":"https:\/\/dulajana.eu\/blog\/index.php?rest_route=%2Fwp%2Fv2%2Fmedia&parent=370"}],"curies":[{"name":"wp","href":"https:\/\/api.w.org\/{rel}","templated":true}]}}