{"id":654,"date":"2018-08-11T08:27:09","date_gmt":"2018-08-11T08:27:09","guid":{"rendered":"http:\/\/dulajana.eu\/blog\/?page_id=654"},"modified":"2024-06-09T21:28:33","modified_gmt":"2024-06-09T21:28:33","slug":"homeopatie-v-tehotenstvi","status":"publish","type":"page","link":"https:\/\/dulajana.eu\/blog\/?page_id=654","title":{"rendered":"Homeopatie v t\u011bhotenstv\u00ed"},"content":{"rendered":"<p align=\"center\"><small><small><big><big><small><big><span class=\"styl4\">Homeopatika v t\u011bhotenstv\u00ed, p\u0159i porodu a po n\u011bm<\/span><\/big><\/small><\/big><\/big><\/small><\/small><span style=\"font-size: xx-small;\"><small><small><big><big><small><big><br \/>\n<\/big><\/small><\/big><\/big><\/small><\/small><\/span><small><small><big><big><small><big><span class=\"styl2\">Zdroj: Homeopatie v porodnictv\u00ed, vydal BOIRON. (k dost\u00e1n\u00ed v l\u00e9k\u00e1rn\u00e1ch)<\/span><\/big><\/small><\/big><\/big><\/small><\/small><span style=\"font-size: xx-small;\"><small><small><big><big><small><big><br \/>\n<\/big><\/small><\/big><\/big><\/small><\/small><\/span><\/p>\n<p align=\"center\"><span style=\"font-size: xx-small;\"><small><small><big><big><span class=\"styl4\"><small><big>T\u011aHOTENSTV\u00cd<br \/>\n<\/big><\/small><\/span><\/big><\/big><\/small><\/small><\/span><\/p>\n<p align=\"center\"><span style=\"font-size: xx-small;\"><small><small><big><big><span class=\"styl4\"><small>Volila bych osobn\u011b \u00fapln\u011b jin\u00e9 d\u00e1vkov\u00e1n\u00ed, p\u0159episuji zde jen let\u00e1k&#8230;<\/small><\/span><\/big><\/big><\/small><\/small><\/span><span style=\"font-size: xx-small;\"><small><small><big><big><small><big><br \/>\n<\/big><\/small><\/big><\/big><\/small><\/small><\/span><\/p>\n<p align=\"left\"><small><small><big><big><small><big><span class=\"styl3\">NEVOLNOST A ZVRACEN\u00cd<\/span><\/big><\/small><\/big><\/big><\/small><\/small><\/p>\n<p><em><strong>Sepia officinalis 9 nebo 15 CH<br \/>\n&#8211;\u00a0<\/strong><\/em>nepotla\u010diteln\u00e1 rann\u00ed nevolnost<br \/>\n&#8211; zvracen\u00ed po j\u00eddle<br \/>\n&#8211; p\u0159ecitliv\u011blost na z\u00e1pach j\u00eddla<br \/>\n&#8211; chu\u0165 na kysel\u00e9 pokrmy<br \/>\n&#8211; averze k ml\u00e9ku<br \/>\nD\u00e1vkov\u00e1n\u00ed: 5 granul\u00ed v rytmu nevolnost\u00ed<\/p>\n<p><em><strong><br \/>\nIpecacuanha (Ipeca) 9 CH (voln\u00fd prodej)<br \/>\n&#8211;\u00a0<\/strong><\/em>nadm\u011brn\u00e9 slin\u011bn\u00ed<br \/>\n&#8211; nevolnost se zvracen\u00edm nezm\u00edr\u0148uje<br \/>\n&#8211; chu\u0165 k j\u00eddlu trv\u00e1<br \/>\n&#8211; jazyk z\u016fst\u00e1v\u00e1 \u010dist\u00fd<br \/>\nD\u00e1vkov\u00e1n\u00ed: 5 granul\u00ed v rytmu nevolnost\u00ed<\/p>\n<p><em><strong>Ignatia amara 9 nebo 15 CH (voln\u00fd prodej)<br \/>\n&#8211;\u00a0<\/strong><\/em>nevolnost vyvolan\u00e1 sebemen\u0161\u00edm pachem<br \/>\n&#8211; p\u0159ecitliv\u011blost na z\u00e1pach j\u00eddla<br \/>\n&#8211; paradoxn\u00ed zlep\u0161en\u00ed nevolnosti j\u00eddlem<br \/>\n&#8211; siln\u00e1 p\u0159ecitliv\u011blost na neshody<br \/>\nD\u00e1vkov\u00e1n\u00ed: 5 granul\u00ed v rytmu nevolnost\u00ed<\/p>\n<p><em>P\u0159i sou\u010dasn\u00e9m v\u00fdskytu z\u00e1vrat\u00ed: polykomponentn\u00ed p\u0159\u00edpravek\u00a0<strong>Cocculine (voln\u00fd prodej)<br \/>\n<\/strong><\/em>D\u00e1vkov\u00e1n\u00ed:3x denn\u011b 2 tablety<\/p>\n<p class=\"styl3\">POT\u00cd\u017dE P\u0158I MO\u010cEN\u00cd<\/p>\n<p><em><strong>Sepia officinalis 9 CH<br \/>\n&#8211;\u00a0<\/strong><\/em>\u010dast\u00e9 nucen\u00ed na mo\u010den\u00ed s pocitem tlaku na mo\u010dov\u00fd m\u011bch\u00fd\u0159<br \/>\nD\u00e1vkov\u00e1n\u00ed: 5 granul\u00ed 4 &#8211; 5x denn\u011b<\/p>\n<p><em><strong>Staphysagria 9 nebo 15 CH (voln\u00fd prodej)<br \/>\n&#8211;\u00a0<\/strong><\/em>pocit p\u00e1len\u00ed mezi mo\u010den\u00edm<br \/>\n&#8211; pocit odkap\u00e1v\u00e1n\u00ed mo\u010di po vymo\u010den\u00ed<br \/>\n&#8211; psychicky \u0161patn\u011b sn\u00e1\u0161en\u00e9 t\u011bhotenstv\u00ed<br \/>\nD\u00e1vkov\u00e1n\u00ed: 5 granul\u00ed 4 &#8211; 5x denn\u011b<\/p>\n<p><em><strong>Cantharis 5 nebo 9 CH (voln\u00fd prodej)<br \/>\n&#8211;\u00a0<\/strong><\/em>bolesti p\u0159ed, b\u011bhem i po vymo\u010den\u00ed<br \/>\n&#8211; l\u00e9k z\u00e1n\u011btu mo\u010dov\u00e9ho m\u011bch\u00fd\u0159e<br \/>\nD\u00e1vkov\u00e1n\u00ed: 5 granul\u00ed 4 &#8211; 5x denn\u011b<\/p>\n<p><em><strong>Equisetum hiemale 5 nebo 9 CH<br \/>\n&#8211;\u00a0<\/strong><\/em>bolesti po mo\u010den\u00ed<br \/>\n&#8211; l\u00e9k z\u00e1n\u011btu mo\u010dov\u00e9ho m\u011bch\u00fd\u0159e<br \/>\nD\u00e1vkov\u00e1n\u00ed: 5 granul\u00ed po ka\u017ed\u00e9m mo\u010den\u00ed<\/p>\n<p class=\"styl3\">\u017dALUDE\u010cN\u00cd POT\u00cd\u017dE<\/p>\n<p><em><strong>Robinia pseudo-acacia 5 nebo 9 CH<br \/>\n&#8211;\u00a0<\/strong><\/em>p\u0159evl\u00e1d\u00e1 p\u0159ekyselen\u00ed \u017ealudku<br \/>\n&#8211; p\u00e1len\u00ed j\u00edcnu<br \/>\nD\u00e1vkov\u00e1n\u00ed: 5 granul\u00ed 3 &#8211; 4x denn\u011b<\/p>\n<p><em><strong>Iris versicolor 5 nebo 9 CH<br \/>\n&#8211;\u00a0<\/strong><\/em>p\u0159evl\u00e1d\u00e1 p\u00e1len\u00ed \u017ealudku<br \/>\nD\u00e1vkov\u00e1n\u00ed: 5 granul\u00ed 3 &#8211; 4x denn\u011b<\/p>\n<p><em><strong>Polykomponentn\u00ed p\u0159\u00edpravek Gastrocyn\u00e9sine (voln\u00fd prodej)<br \/>\n<\/strong><\/em>D\u00e1vkov\u00e1n\u00ed: 1 a\u017e 2 tablety nechat pomalu rozpustit v \u00fastech 15 minut p\u0159ed j\u00eddlem.<\/p>\n<p class=\"styl4\" align=\"center\"><strong>P\u0158\u00cdPRAVA NA POROD<br \/>\n<\/strong><em><strong>Gelsemium sempervirens 15 nebo 30 CH (voln\u00fd prodej)<br \/>\n&#8211;\u00a0<\/strong><\/em>strach a \u00fazkost p\u0159ed porodem<br \/>\nD\u00e1vkov\u00e1n\u00ed: 5 granul\u00ed jakmile za\u010dnou obavy z porodu<\/p>\n<p class=\"styl4\" align=\"center\"><strong>B\u011aHEM PORODU<\/strong><\/p>\n<p class=\"styl5\">L\u00e9\u010debn\u00e9 sch\u00e9ma doporu\u010duje gynekolog nebo l\u00e9ka\u0159 homeopat, pokud je pr\u016fb\u011bh porodu fyziologick\u00fd!!!<\/p>\n<p><em><strong>Caulophyllum thalictroides 5 nebo 9 CH<br \/>\n&#8211;\u00a0<\/strong><\/em>nepoddajnost d\u011blo\u017en\u00edho hrdla<br \/>\n&#8211; nepravideln\u00e9, ne\u00fa\u010dinn\u00e9, k\u0159e\u010dovit\u00e9 bolestiv\u00e9 stahy<br \/>\n&#8211; atonick\u00e1 d\u011bloha<br \/>\nD\u00e1vkov\u00e1n\u00ed: p\u0159i n\u00e1stupu porodn\u00ed \u010dinnosti 5 granul\u00ed ka\u017ed\u00fdch 30 minut, po odtoku plodov\u00e9 vody 5 granul\u00ed ka\u017ed\u00fdch 15 minut<\/p>\n<p><em><strong>Actaea racemosa 5 nebo 9 CH<br \/>\n&#8211;\u00a0<\/strong><\/em>siln\u00e9 nepravideln\u00e9 porodn\u00ed bolesti<br \/>\n&#8211; k\u0159e\u010de d\u011blo\u017en\u00edho hrdla<br \/>\n&#8211; bolesti vyst\u0159eluj\u00edc\u00ed do stehen<br \/>\nD\u00e1vkov\u00e1n\u00ed: p\u0159i n\u00e1stupu porodn\u00ed \u010dinnosti 5 granul\u00ed ka\u017ed\u00fdch 30 minut, po odtoku plodov\u00e9 vody 5 granul\u00ed ka\u017ed\u00fdch 15 minut<\/p>\n<p><em><strong>Terapeutick\u00e9 sch\u00e9ma: st\u0159\u00eddat l\u00e9ky Caulophyllum a Actaea racemosa v uveden\u00fdch \u010dasov\u00fdch odstupech.<br \/>\n<\/strong><\/em><\/p>\n<p align=\"center\"><span class=\"styl4\"><strong>PO PORODU<\/strong><\/span><\/p>\n<p><em><strong>Arnica montana 9 CH (voln\u00fd prodej)<br \/>\n&#8211;\u00a0<\/strong><\/em>urychlen\u00ed hojen\u00ed, vst\u0159eb\u00e1n\u00ed hematom\u016f<br \/>\n&#8211; odstran\u011bn\u00ed pocit\u016f zhmo\u017ed\u011bn\u00ed<br \/>\n&#8211; l\u00e9k m\u00e1 specifick\u00fd \u00fa\u010dinek na svaly a kapil\u00e1ry<br \/>\nD\u00e1vkov\u00e1n\u00ed: 5 granul\u00ed 2x denn\u011b<\/p>\n<p><em><strong>China 5 nebo 9 CH (voln\u00fd prodej)<br \/>\n&#8211;\u00a0<\/strong><\/em>\u00fanava zp\u016fsoben\u00e1 velkou ztr\u00e1tou t\u011blesn\u00fdch tekutin (krev, plodov\u00e1 voda)<br \/>\nD\u00e1vkov\u00e1n\u00ed: 5 granul\u00ed 2x denn\u011b<\/p>\n<p><em><strong>Staphysagria 5 nebo 9 CH (voln\u00fd prodej)<br \/>\n&#8211;\u00a0<\/strong><\/em>na hojen\u00ed \u0159ezn\u00fdch chirurgick\u00fdch ran (n\u00e1st\u0159ih hr\u00e1ze, c\u00edsa\u0159sk\u00fd \u0159ez)<br \/>\nD\u00e1vkov\u00e1n\u00ed: 5 granul\u00ed 2x denn\u011b<\/p>\n<p><em><strong>Pyrogenium 9 nebo 15 CH (voln\u00fd prodej)<\/strong><\/em><\/p>\n<p><em><strong>&#8211;\u00a0<\/strong><\/em>prevence hnisan\u00fdch komplikac\u00ed<br \/>\nD\u00e1vkov\u00e1n\u00ed: 5 granul\u00ed 1x denn\u011b<\/p>\n<p><em><strong>Sepia officinalis 9 nebo 15 CH<br \/>\n&#8211;\u00a0<\/strong><\/em>k odstran\u011bn\u00ed pocitu &#8222;pr\u00e1zdn\u00e9ho&#8220; b\u0159icha<br \/>\n&#8211; v p\u0159\u00edpad\u011b depres\u00ed<br \/>\nD\u00e1vkov\u00e1n\u00ed: 5 granul\u00ed 1x denn\u011b<\/p>\n<p><em><strong>Podle obt\u00ed\u017e\u00ed u\u017e\u00edvat n\u011bkter\u00e9 z uveden\u00fdch l\u00e9k\u016f po dobu 7 dn\u00ed.<\/strong><\/em><\/p>\n<p align=\"center\"><span class=\"styl4\"><strong>KOJEN\u00cd<\/strong><\/span><\/p>\n<p><em><strong>Ricinus communis 5 CH (voln\u00fd prodej)<br \/>\n&#8211;\u00a0<\/strong><\/em>nedostate\u010dn\u00e1 tvorba ml\u00e9ka<br \/>\nD\u00e1vkov\u00e1n\u00ed: 5 granul\u00ed 2x denn\u011b<\/p>\n<p><em><strong>Agnus castus 5 CH<br \/>\n&#8211;\u00a0<\/strong><\/em>nedostate\u010dn\u00e1 tvorba ml\u00e9ka<br \/>\n&#8211; reak\u010dn\u00ed depresivn\u00ed syndrom<br \/>\nD\u00e1vkov\u00e1n\u00ed: 5 granul\u00ed 2x denn\u011b<\/p>\n<p><em><strong>Ricinus communis 15 nebo 30 CH (voln\u00fd prodej)<br \/>\n&#8211;\u00a0<\/strong><\/em>zastaven\u00ed tvorby ml\u00e9ka, odstaven\u00ed kojence<br \/>\nD\u00e1vkov\u00e1n\u00ed: 5 granul\u00ed 2x denn\u011b<\/p>\n<p><em><strong>Lac caninum 15 nebo 30 CH (voln\u00fd prodej)<br \/>\n&#8211;\u00a0<\/strong><\/em>zastaven\u00ed tvorby ml\u00e9ka<br \/>\nD\u00e1vkov\u00e1n\u00ed: 5 granul\u00ed 2x denn\u011b<br \/>\n<em><strong>St\u0159\u00eddat s l\u00e9kem Ricinus communis 15 nebo 30 CH<\/strong><\/em><\/p>\n<p class=\"styl3\">PRASKLINY PRSN\u00cdCH BRADAVEK<\/p>\n<p><em><strong>Nitricum acidum 5 nebo 9 CH<br \/>\n&#8211;\u00a0<\/strong><\/em>praskliny s ostr\u00fdmi okraji, snadno krv\u00e1cej\u00edc\u00ed<br \/>\n&#8211; bodav\u00e9 bolesti jako od zara\u017een\u00e9ho trnu<br \/>\nD\u00e1vkov\u00e1n\u00ed: 5 granul\u00ed 2x denn\u011b<br \/>\n<em><strong>Graphites 9 nebo 15 CH<br \/>\n&#8211;\u00a0<\/strong><\/em>praskliny se \u017elut\u00fdm sekretem tvo\u0159\u00edc\u00edm \u017elutohn\u011bd\u00e9 stroupky<br \/>\nD\u00e1vkov\u00e1n\u00ed: 5 granul\u00ed 2x denn\u011b<\/p>\n<p class=\"styl3\">Z\u00c1N\u011aT PRSU<\/p>\n<p><em><strong>Belladonna 5 nebo 9 CH (voln\u00fd prodej)<br \/>\n&#8211;\u00a0<\/strong><\/em>akutn\u00ed z\u00e1n\u011btliv\u00e9 zdu\u0159en\u00ed prsu<br \/>\n&#8211; z\u010derven\u00e1n\u00ed, otok, bolest, horkost<br \/>\n&#8211; pulzuj\u00edc\u00ed bolesti zhor\u0161en\u00e9 dotekem a ot\u0159esy<br \/>\nD\u00e1vkov\u00e1n\u00ed: 5 granul\u00ed 4x denn\u011b<\/p>\n<p><em><strong>Apis mellifica 9 nebo 15 CH (voln\u00fd prodej)<br \/>\n&#8211;\u00a0<\/strong><\/em>z\u00e1n\u011bt prsu s bodav\u00fdmi a p\u00e1liv\u00fdmi bolestmi<br \/>\n&#8211; zlep\u0161en\u00ed studen\u00fdmi obklady<br \/>\nD\u00e1vkov\u00e1n\u00ed: 5 granul\u00ed 4x denn\u011b<\/p>\n<p><em><strong>Bryonia 5 nebo 9 CH (voln\u00fd prodej)<br \/>\n&#8211;\u00a0<\/strong><\/em>hork\u00e1, bolestiv\u00e1 a tuh\u00e1 prsa<br \/>\n&#8211; bolest zv\u00fdrazn\u00ed i minim\u00e1ln\u00ed pohyb prsu<br \/>\n&#8211; zm\u00edrn\u011bn\u00ed bolesti jeho sta\u017een\u00edm<br \/>\nD\u00e1vkov\u00e1n\u00ed: 5 granul\u00ed 4x denn\u011b<\/p>\n","protected":false},"excerpt":{"rendered":"<p align=\"center\"><span class=\"styl4\">Homeopatika v t\u011bhotenstv\u00ed, p\u0159i porodu a po n\u011bm<\/span><span style=\"font-size: xx-small;\"><br \/>\n<\/span><span class=\"styl2\">Zdroj: Homeopatie v porodnictv\u00ed, vydal BOIRON. (k dost\u00e1n\u00ed v l\u00e9k\u00e1rn\u00e1ch)<\/span><span style=\"font-size: xx-small;\"><br \/>\n<\/span><\/p>\n<p align=\"center\"><span style=\"font-size: xx-small;\"><span class=\"styl4\">T\u011aHOTENSTV\u00cd<br \/>\n<\/span><\/span><\/p>\n<p align=\"center\"><span style=\"font-size: xx-small;\"><span class=\"styl4\">Volila bych osobn\u011b \u00fapln\u011b jin\u00e9 d\u00e1vkov\u00e1n\u00ed,<\/span><\/span><\/p>\n<p><a class=\"ka-read-more\" href=\"https:\/\/dulajana.eu\/blog\/?page_id=654\"><span class=\"read-more-button\">Read More<i class=\"fa fa-long-arrow-right\"><\/i><\/span><\/a><\/p>\n","protected":false},"author":1,"featured_media":0,"parent":191,"menu_order":0,"comment_status":"closed","ping_status":"open","template":"","meta":{"footnotes":""},"_links":{"self":[{"href":"https:\/\/dulajana.eu\/blog\/index.php?rest_route=\/wp\/v2\/pages\/654"}],"collection":[{"href":"https:\/\/dulajana.eu\/blog\/index.php?rest_route=\/wp\/v2\/pages"}],"about":[{"href":"https:\/\/dulajana.eu\/blog\/index.php?rest_route=\/wp\/v2\/types\/page"}],"author":[{"embeddable":true,"href":"https:\/\/dulajana.eu\/blog\/index.php?rest_route=\/wp\/v2\/users\/1"}],"replies":[{"embeddable":true,"href":"https:\/\/dulajana.eu\/blog\/index.php?rest_route=%2Fwp%2Fv2%2Fcomments&post=654"}],"version-history":[{"count":2,"href":"https:\/\/dulajana.eu\/blog\/index.php?rest_route=\/wp\/v2\/pages\/654\/revisions"}],"predecessor-version":[{"id":900,"href":"https:\/\/dulajana.eu\/blog\/index.php?rest_route=\/wp\/v2\/pages\/654\/revisions\/900"}],"up":[{"embeddable":true,"href":"https:\/\/dulajana.eu\/blog\/index.php?rest_route=\/wp\/v2\/pages\/191"}],"wp:attachment":[{"href":"https:\/\/dulajana.eu\/blog\/index.php?rest_route=%2Fwp%2Fv2%2Fmedia&parent=654"}],"curies":[{"name":"wp","href":"https:\/\/api.w.org\/{rel}","templated":true}]}}